{"id":7000,"date":"2025-07-20T16:01:54","date_gmt":"2025-07-20T14:01:54","guid":{"rendered":"https:\/\/beerensgroup.nl\/privacy-policy\/"},"modified":"2025-12-08T15:41:41","modified_gmt":"2025-12-08T14:41:41","slug":"privacy-policy","status":"publish","type":"page","link":"https:\/\/beerensgroup.nl\/de\/privacy-policy\/","title":{"rendered":"Privacy policy"},"content":{"rendered":"\t\t<div data-elementor-type=\"wp-page\" data-elementor-id=\"7000\" class=\"elementor elementor-7000 elementor-473\" data-elementor-post-type=\"page\">\n\t\t\t\t\t\t<section class=\"has_eae_slider elementor-section elementor-top-section elementor-element elementor-element-f8a0c11 elementor-section-boxed elementor-section-height-default elementor-section-height-default\" data-eae-slider=\"12740\" data-id=\"f8a0c11\" data-element_type=\"section\" data-e-type=\"section\">\n\t\t\t\t\t\t<div class=\"elementor-container elementor-column-gap-default\">\n\t\t\t\t\t<div class=\"has_eae_slider elementor-column elementor-col-100 elementor-top-column elementor-element elementor-element-3e6cf5a\" data-eae-slider=\"80011\" data-id=\"3e6cf5a\" data-element_type=\"column\" data-e-type=\"column\">\n\t\t\t<div class=\"elementor-widget-wrap\">\n\t\t\t\t\t\t\t<\/div>\n\t\t<\/div>\n\t\t\t\t\t<\/div>\n\t\t<\/section>\n\t\t\t\t<section class=\"has_eae_slider elementor-section elementor-top-section elementor-element elementor-element-c98fb06 elementor-section-full_width elementor-section-height-default elementor-section-height-default\" data-eae-slider=\"81881\" data-id=\"c98fb06\" data-element_type=\"section\" data-e-type=\"section\" data-settings=\"{&quot;background_background&quot;:&quot;classic&quot;}\">\n\t\t\t\t\t\t<div class=\"elementor-container elementor-column-gap-default\">\n\t\t\t\t\t<div class=\"has_eae_slider elementor-column elementor-col-100 elementor-top-column elementor-element elementor-element-1b25ee0\" data-eae-slider=\"84624\" data-id=\"1b25ee0\" data-element_type=\"column\" data-e-type=\"column\">\n\t\t\t<div class=\"elementor-widget-wrap elementor-element-populated\">\n\t\t\t\t\t\t<section class=\"has_eae_slider elementor-section elementor-inner-section elementor-element elementor-element-6bb50b7 elementor-section-boxed elementor-section-height-default elementor-section-height-default\" data-eae-slider=\"77883\" data-id=\"6bb50b7\" data-element_type=\"section\" data-e-type=\"section\">\n\t\t\t\t\t\t<div class=\"elementor-container elementor-column-gap-default\">\n\t\t\t\t\t<div class=\"has_eae_slider elementor-column elementor-col-50 elementor-inner-column elementor-element elementor-element-2721e4a\" data-eae-slider=\"89958\" data-id=\"2721e4a\" data-element_type=\"column\" data-e-type=\"column\" data-settings=\"{&quot;background_background&quot;:&quot;classic&quot;}\">\n\t\t\t<div class=\"elementor-widget-wrap elementor-element-populated\">\n\t\t\t\t\t\t<div class=\"elementor-element elementor-element-f013977 elementor-widget elementor-widget-heading\" data-id=\"f013977\" data-element_type=\"widget\" data-e-type=\"widget\" data-widget_type=\"heading.default\">\n\t\t\t\t\t<h1 class=\"elementor-heading-title elementor-size-default\"><strong>Privacy Policy<\/strong><\/h1>\t\t\t\t<\/div>\n\t\t\t\t<div class=\"elementor-element elementor-element-42ebd12 elementor-widget elementor-widget-text-editor\" data-id=\"42ebd12\" data-element_type=\"widget\" data-e-type=\"widget\" data-widget_type=\"text-editor.default\">\n\t\t\t\t\t\t\t\t\t<p class=\"p1\">Beerens legt gro\u00dfen Wert auf den Schutz Ihrer personenbezogenen Daten. In dieser Datenschutzerkl\u00e4rung m\u00f6chten wir klare und transparente Informationen dar\u00fcber geben, wie wir mit personenbezogenen Daten umgehen. Wir tun alles, um Ihre Privatsph\u00e4re zu wahren und gehen daher sorgf\u00e4ltig mit personenbezogenen Daten um. Beerens h\u00e4lt sich in allen F\u00e4llen an die geltenden Gesetze und Vorschriften, einschlie\u00dflich der Datenschutz-Grundverordnung. Dies bedeutet, dass wir in jedem Fall:    <\/p><ul><li class=\"p1\">Ihre personenbezogenen Daten in \u00dcbereinstimmung mit dem Zweck verarbeiten, f\u00fcr den sie bereitgestellt wurden, diese Zwecke und die Art der personenbezogenen Daten sind in dieser Datenschutzerkl\u00e4rung beschrieben;<\/li><li class=\"p1\">Die Verarbeitung Ihrer personenbezogenen Daten auf nur diejenigen Daten beschr\u00e4nkt ist, die f\u00fcr die Zwecke, f\u00fcr die sie verarbeitet werden, mindestens erforderlich sind;<\/li><li class=\"p1\">Um Ihre ausdr\u00fcckliche Einwilligung bitten, wenn wir diese f\u00fcr die Verarbeitung Ihrer personenbezogenen Daten ben\u00f6tigen;<\/li><li class=\"p1\">Geeignete technische und organisatorische Ma\u00dfnahmen getroffen haben, damit die Sicherheit Ihrer personenbezogenen Daten gew\u00e4hrleistet ist;<\/li><li class=\"p1\">Keine personenbezogenen Daten an andere Parteien weitergeben, es sei denn, dies ist f\u00fcr die Ausf\u00fchrung der Zwecke erforderlich, f\u00fcr die sie bereitgestellt wurden;<\/li><li class=\"p1\">\u00dcber Ihre Rechte informiert sind<\/li><\/ul><p class=\"p1\">Als Beerens sind wir f\u00fcr die Verarbeitung Ihrer personenbezogenen Daten verantwortlich. Sollten Sie nach der Durchsicht unserer Datenschutzerkl\u00e4rung oder im Allgemeinen Fragen hierzu haben oder mit uns Kontakt aufnehmen m\u00f6chten, k\u00f6nnen Sie dies \u00fcber die Kontaktdaten am Ende dieses Dokuments tun. <\/p><p class=\"p1\"><strong>Verarbeitung personenbezogener Daten von Kunden oder Lieferanten<\/strong><\/p><p class=\"p1\">Personenbezogene Daten von Kunden oder Lieferanten werden von Beerens f\u00fcr folgende(n) Zweck(e) verarbeitet:<\/p><ul><li class=\"p1\">Administrative Zwecke;<\/li><li class=\"p1\">Kommunikation \u00fcber den Auftrag und\/oder Einladungen;<\/li><li class=\"p1\">Die Ausf\u00fchrung oder Erteilung eines Auftrags.<\/li><\/ul><p class=\"p1\">Rechtsgrundlage f\u00fcr diese personenbezogenen Daten ist:<\/p><ul><li class=\"p1\">Der vereinbarte Auftrag\/die vereinbarte Bestellung;<\/li><\/ul><p class=\"p1\">F\u00fcr die oben genannten Zweck(e) kann Beerens folgende personenbezogene Daten von Ihnen abfragen:<\/p><ul><li class=\"p1\">Vorname;<\/li><li class=\"p1\">Namenszusatz;<\/li><li class=\"p1\">Nachname;<\/li><li class=\"p1\">(Gesch\u00e4ftliche) Telefonnummer;<\/li><li class=\"p1\">(Gesch\u00e4ftliche) E-Mail-Adresse;<\/li><li class=\"p1\">Geschlecht.<\/li><\/ul><p class=\"p1\">Ihre personenbezogenen Daten werden von Beerens f\u00fcr die oben genannte(n) Verarbeitung(en) f\u00fcr folgenden Zeitraum gespeichert:<\/p><ul><li class=\"p1\">W\u00e4hrend der Laufzeit des Vertrages und danach nur in der Finanzbuchhaltung f\u00fcr maximal 7 Jahre.<\/li><\/ul><p class=\"p1\"><strong>Verarbeitung personenbezogener Daten von Newsletter-Abonnenten<\/strong><\/p><p class=\"p1\">Personenbezogene Daten von Newsletter-Abonnenten werden von Beerens f\u00fcr folgende(n) Zweck(e) verarbeitet:<\/p><ul><li class=\"p1\">Die Information der Person mittels Nachrichten.<\/li><\/ul><p>Rechtsgrundlage f\u00fcr diese personenbezogenen Daten ist:<\/p><ul><li class=\"p1\">Das Anmeldeformular f\u00fcr den Newsletter<\/li><li class=\"p1\">Das gesch\u00e4ftliche Folgen unserer Unternehmensseite in sozialen Medien;<\/li><\/ul><p class=\"p1\">Voor de bovenstaande doelstelling(en) kan Beerens de volgende persoonsgegevens van u vragen:<\/p><ul><li class=\"p1\">Vorname;<\/li><li class=\"p1\">Namenszusatz;<\/li><li class=\"p1\">Nachname;<\/li><li class=\"p1\">E-Mail-Adresse.<\/li><\/ul><p class=\"p1\">Ihre personenbezogenen Daten werden von Beerens f\u00fcr die oben genannte(n) Verarbeitung(en) f\u00fcr folgenden Zeitraum gespeichert:<\/p><ul><li class=\"p1\">W\u00e4hrend des Zeitraums, in dem man angemeldet ist.<\/li><\/ul><p class=\"p1\"><strong>Verarbeitung personenbezogener Daten von Interessenten und\/oder Interessierten<\/strong><\/p><p class=\"p1\">Personenbezogene Daten von Interessenten und\/oder Interessierten werden von Beerens f\u00fcr folgende(n) Zweck(e) verarbeitet:<\/p><ul><li class=\"p1\">Informationsbereitstellung in Form von Newslettern und\/oder gezielten Kontakten.<\/li><\/ul><p>Rechtsgrundlage f\u00fcr diese personenbezogenen Daten ist:<\/p><ul><li class=\"p1\">M\u00fcndliche Einwilligung, \u00dcbergabe einer Visitenkarte und\/oder \u00fcber Verkn\u00fcpfung auf LinkedIn;<\/li><\/ul><p>F\u00fcr die oben genannten Zweck(e) kann Beerens folgende personenbezogene Daten von Ihnen abfragen:<\/p><ul><li class=\"p1\">Vorname;<\/li><li class=\"p1\">Namenszusatz;<\/li><li class=\"p1\">Nachname;<\/li><li class=\"p1\">Telefonnummer;<\/li><li class=\"p1\">E-Mail-Adresse.<\/li><\/ul><p class=\"p1\">Ihre personenbezogenen Daten werden von Beerens f\u00fcr die oben genannte(n) Verarbeitung(en) f\u00fcr folgenden Zeitraum gespeichert:<\/p><ul><li class=\"p1\">W\u00e4hrend des Zeitraums, in dem man als Interessent und\/oder Interessierter angesehen wird.<\/li><\/ul><p class=\"p1\"><strong>Verarbeitung personenbezogener Daten von Mitarbeitern<\/strong><\/p><p class=\"p1\">Personenbezogene Daten von Mitarbeitern werden von Beerens f\u00fcr folgende(n) Zweck(e) verarbeitet:<\/p><ul><li class=\"p1\">Ausf\u00fchrung des Arbeitsvertrages.<\/li><\/ul><p class=\"p1\">Rechtsgrundlage f\u00fcr diese personenbezogenen Daten ist:<\/p><ul><li class=\"p1\">Der Arbeitsvertrag<\/li><\/ul><p class=\"p1\">F\u00fcr die oben genannten Zweck(e) kann Beerens folgende personenbezogene Daten von Ihnen abfragen:<\/p><ul><li class=\"p1\">Vorname;<\/li><li class=\"p1\">Namenszusatz;<\/li><li class=\"p1\">Nachname;<\/li><li class=\"p1\">Telefonnummer;<\/li><li class=\"p1\">E-Mail-Adresse;<\/li><li>Geburtsdatum;<\/li><li class=\"p1\">Gehaltsdaten;<\/li><li class=\"p1\">Kopie des Ausweises;<\/li><li class=\"p1\">BSN-Nummer;<\/li><li class=\"p1\">Bankdaten<\/li><li class=\"p1\">Fingerabdruck<\/li><\/ul><p class=\"p1\">Ihre personenbezogenen Daten werden von Beerens f\u00fcr die oben genannte(n) Verarbeitung(en) f\u00fcr folgenden Zeitraum gespeichert:<\/p><ul><li class=\"p1\">W\u00e4hrend des Zeitraums, in dem man einen Vertrag hat, und danach nur in der Finanzbuchhaltung f\u00fcr maximal 7 Jahre.<\/li><\/ul><p class=\"p1\"><strong>Weitergabe an Dritte<\/strong><\/p><p class=\"p1\">Die Daten, die Sie uns geben, k\u00f6nnen wir an Dritte weitergeben, wenn dies f\u00fcr die Ausf\u00fchrung der oben beschriebenen Zwecke erforderlich ist. So nutzen wir einen Dritten f\u00fcr: <\/p><ul><li class=\"p1\">Die Bereitstellung der Internetumgebung des DSGVO-Programms;<\/li><li class=\"p1\">Die Verwaltung der (Finanz-)Buchhaltung;<\/li><li class=\"p1\">Die Versendung von Newslettern, Einladungen und pers\u00f6nlicher Korrespondenz.<\/li><li class=\"p1\">Fehlzeitenbegleitung<\/li><li class=\"p1\">Ausf\u00fchrungsstelle f\u00fcr Rentenaufbau<\/li><li class=\"p1\">UWV, Finanzamt, Versicherungsgesellschaft<\/li><li class=\"p1\">Branchenverband CBM und Kompetenzzentrum M\u00f6bel<\/li><\/ul><p class=\"p1\">Wir geben niemals personenbezogene Daten an andere Parteien weiter, mit denen wir keine Auftragsverarbeitungsvereinbarung abgeschlossen haben. Mit diesen Parteien (Auftragsverarbeitern) treffen wir hierin selbstverst\u00e4ndlich die notwendigen Vereinbarungen, um die Sicherheit Ihrer personenbezogenen Daten zu gew\u00e4hrleisten. Weiterhin werden wir die von Ihnen bereitgestellten Daten nicht an andere Parteien weitergeben, es sei denn, dies ist gesetzlich vorgeschrieben und gestattet. Ein Beispiel hierf\u00fcr ist, dass die Polizei im Rahmen einer Ermittlung (personen-)bezogene Daten bei uns anfordert. In einem solchen Fall sind wir verpflichtet, mitzuwirken und diese Daten herauszugeben. Ebenso k\u00f6nnen wir personenbezogene Daten mit Dritten teilen, wenn Sie uns hierf\u00fcr schriftlich Ihre Einwilligung erteilen.     <\/p><p class=\"p1\"><strong>Innerhalb der EU<\/strong><\/p><p class=\"p1\">Wir geben keine personenbezogenen Daten an Parteien weiter, die au\u00dferhalb der EU ans\u00e4ssig sind.<\/p><p class=\"p1\"><strong>Minderj\u00e4hrige<\/strong><\/p><p class=\"p1\">Wir verarbeiten personenbezogene Daten von Minderj\u00e4hrigen (Personen unter 16 Jahren) nur dann, wenn hierf\u00fcr eine schriftliche Einwilligung durch den Elternteil, Betreuer oder gesetzlichen Vertreter erteilt wurde.<\/p><p class=\"p1\"><strong>Aufbewahrungsfrist<\/strong><\/p><p class=\"p1\">Beerens bewahrt personenbezogene Daten nicht l\u00e4nger auf, als f\u00fcr den Zweck erforderlich ist, f\u00fcr den sie bereitgestellt wurden, oder aufgrund gesetzlicher Vorgaben erforderlich ist.<\/p><p class=\"p1\"><strong>Sicherheit<\/strong><\/p><p class=\"p1\">Wir haben geeignete technische und organisatorische Ma\u00dfnahmen getroffen, um Ihre personenbezogenen Daten vor unrechtm\u00e4\u00dfiger Verarbeitung zu sch\u00fctzen, so haben wir beispielsweise folgende Ma\u00dfnahmen getroffen:<\/p><ul><li class=\"p1\">Alle Personen, die im Namen von Beerens Kenntnis von Ihren Daten nehmen k\u00f6nnen, sind zur Geheimhaltung dieser verpflichtet.<\/li><li class=\"p1\">Wir wenden eine Benutzernamen- und Passwortrichtlinie auf allen unseren Systemen an;<\/li><li class=\"p1\">Wir pseudonymisieren und sorgen f\u00fcr die Verschl\u00fcsselung personenbezogener Daten, wenn dazu Anlass besteht;<\/li><li class=\"p1\">Wir erstellen Sicherungskopien der personenbezogenen Daten, um diese bei physischen oder technischen Vorf\u00e4llen wiederherstellen zu k\u00f6nnen;<\/li><li class=\"p1\">Wir testen und evaluieren regelm\u00e4\u00dfig unsere Ma\u00dfnahmen;<\/li><li class=\"p1\">Unsere Mitarbeiter sind \u00fcber die Bedeutung des Schutzes personenbezogener Daten informiert.<\/li><\/ul><p class=\"p1\"><strong>Rechte bez\u00fcglich Ihrer Daten<\/strong><\/p><p class=\"p1\">Sie haben das Recht auf Einsicht, Berichtigung oder L\u00f6schung der personenbezogenen Daten, die wir von Ihnen erhalten haben. Ebenso k\u00f6nnen Sie Widerspruch gegen die Verarbeitung Ihrer personenbezogenen Daten (oder eines Teils davon) durch uns oder durch einen unserer Auftragsverarbeiter einlegen. Auch haben Sie das Recht, die von Ihnen bereitgestellten Daten durch uns an Sie selbst oder in Ihrem Auftrag direkt an eine andere Partei \u00fcbertragen zu lassen. Wir k\u00f6nnen Sie bitten, sich zu legitimieren, bevor wir den vorgenannten Antr\u00e4gen nachkommen k\u00f6nnen. D\u00fcrfen wir Ihre personenbezogenen Daten auf Grundlage einer von Ihnen hierzu erteilten Einwilligung verarbeiten, dann haben Sie stets das Recht, diese Einwilligung zu widerrufen.    <\/p><p class=\"p1\"><strong>Beschwerden<\/strong><\/p><p class=\"p1\">Sollten Sie eine Beschwerde \u00fcber die Verarbeitung Ihrer personenbezogenen Daten haben, bitten wir Sie, hier\u00fcber direkt mit uns Kontakt aufzunehmen. Kommen wir zusammen mit Ihnen zu keiner L\u00f6sung, finden wir dies nat\u00fcrlich sehr bedauerlich. Sie haben stets das Recht, eine Beschwerde bei der Autoriteit Persoonsgegevens einzureichen, dies ist die Aufsichtsbeh\u00f6rde im Bereich des Datenschutzes.  <\/p><p class=\"p1\"><strong>Fragen<\/strong><\/p><p class=\"p1\">Wenn Sie im Zusammenhang mit unserer Datenschutzerkl\u00e4rung noch Fragen oder Anmerkungen haben, nehmen Sie bitte Kontakt mit uns auf!<\/p><p class=\"p1\"><strong>Kontaktdaten f\u00fcr Kunden, Interessenten und Interessierte.<\/strong><\/p><p class=\"p1\">Beerens Winkelinrichting B.V. und Beerens Interieurbouw B.V.<\/p><p class=\"p1\">Abteilung Vertrieb<br>Europalaan 2<br>5121 DJ Rijen<br>0161-230090<br>E-Mail: <a href=\"mailto:sales@beerensgroup.nl\">sales@beerensgroup.nl<\/a><\/p><p class=\"p1\"><strong>Kontaktdaten f\u00fcr Mitarbeiter, Bewerber und Sonstige.<\/strong><\/p><p class=\"p1\">Beerens Winkelinrichting B.V. und Beerens Interieurbouw B.V.<\/p><p class=\"p1\">Abteilung Personalwesen<br>Europalaan 2<br>5121 DJ Rijen<br>0161-228481<br>E-Mail: <a href=\"mailto:info@beerensgroup.nl\">info@beerensgroup.nl<\/a><\/p>\t\t\t\t\t\t\t\t<\/div>\n\t\t\t\t\t<\/div>\n\t\t<\/div>\n\t\t\t\t<div class=\"has_eae_slider elementor-column elementor-col-50 elementor-inner-column elementor-element elementor-element-21db7d2\" data-eae-slider=\"2134\" data-id=\"21db7d2\" data-element_type=\"column\" data-e-type=\"column\" data-settings=\"{&quot;background_background&quot;:&quot;classic&quot;}\">\n\t\t\t<div class=\"elementor-widget-wrap\">\n\t\t\t\t\t\t\t<\/div>\n\t\t<\/div>\n\t\t\t\t\t<\/div>\n\t\t<\/section>\n\t\t\t\t\t<\/div>\n\t\t<\/div>\n\t\t\t\t\t<\/div>\n\t\t<\/section>\n\t\t\t\t<\/div>\n\t\t","protected":false},"excerpt":{"rendered":"<p>Privacy Policy Beerens legt gro\u00dfen Wert auf den Schutz Ihrer personenbezogenen Daten. In dieser Datenschutzerkl\u00e4rung m\u00f6chten wir klare und transparente Informationen dar\u00fcber geben, wie wir mit personenbezogenen Daten umgehen. Wir tun alles, um Ihre Privatsph\u00e4re zu wahren und gehen daher sorgf\u00e4ltig mit personenbezogenen Daten um. Beerens h\u00e4lt sich in allen F\u00e4llen an die geltenden Gesetze [&hellip;]<\/p>\n","protected":false},"author":4,"featured_media":0,"parent":0,"menu_order":20,"comment_status":"closed","ping_status":"closed","template":"","meta":{"_acf_changed":false,"footnotes":""},"class_list":["post-7000","page","type-page","status-publish","hentry"],"acf":[],"yoast_head":"<!-- This site is optimized with the Yoast SEO plugin v27.4 - https:\/\/yoast.com\/product\/yoast-seo-wordpress\/ -->\n<title>Privacy policy - Beerens Group<\/title>\n<meta name=\"robots\" content=\"index, follow, max-snippet:-1, max-image-preview:large, max-video-preview:-1\" \/>\n<link rel=\"canonical\" href=\"https:\/\/beerensgroup.nl\/de\/privacy-policy\/\" \/>\n<meta property=\"og:locale\" content=\"de_DE\" \/>\n<meta property=\"og:type\" content=\"article\" \/>\n<meta property=\"og:title\" content=\"Privacy policy - Beerens Group\" \/>\n<meta property=\"og:description\" content=\"Privacy Policy Beerens legt gro\u00dfen Wert auf den Schutz Ihrer personenbezogenen Daten. In dieser Datenschutzerkl\u00e4rung m\u00f6chten wir klare und transparente Informationen dar\u00fcber geben, wie wir mit personenbezogenen Daten umgehen. Wir tun alles, um Ihre Privatsph\u00e4re zu wahren und gehen daher sorgf\u00e4ltig mit personenbezogenen Daten um. Beerens h\u00e4lt sich in allen F\u00e4llen an die geltenden Gesetze [&hellip;]\" \/>\n<meta property=\"og:url\" content=\"https:\/\/beerensgroup.nl\/de\/privacy-policy\/\" \/>\n<meta property=\"og:site_name\" content=\"Beerens Group\" \/>\n<meta property=\"article:publisher\" content=\"https:\/\/www.facebook.com\/beerensgroup\" \/>\n<meta property=\"article:modified_time\" content=\"2025-12-08T14:41:41+00:00\" \/>\n<meta name=\"twitter:card\" content=\"summary_large_image\" \/>\n<meta name=\"twitter:label1\" content=\"Gesch\u00e4tzte Lesezeit\" \/>\n\t<meta name=\"twitter:data1\" content=\"6\u00a0Minuten\" \/>\n<script type=\"application\/ld+json\" class=\"yoast-schema-graph\">{\"@context\":\"https:\\\/\\\/schema.org\",\"@graph\":[{\"@type\":\"WebPage\",\"@id\":\"https:\\\/\\\/beerensgroup.nl\\\/de\\\/privacy-policy\\\/\",\"url\":\"https:\\\/\\\/beerensgroup.nl\\\/de\\\/privacy-policy\\\/\",\"name\":\"Privacy policy - Beerens Group\",\"isPartOf\":{\"@id\":\"https:\\\/\\\/beerensgroup.nl\\\/de\\\/#website\"},\"datePublished\":\"2025-07-20T14:01:54+00:00\",\"dateModified\":\"2025-12-08T14:41:41+00:00\",\"breadcrumb\":{\"@id\":\"https:\\\/\\\/beerensgroup.nl\\\/de\\\/privacy-policy\\\/#breadcrumb\"},\"inLanguage\":\"de\",\"potentialAction\":[{\"@type\":\"ReadAction\",\"target\":[\"https:\\\/\\\/beerensgroup.nl\\\/de\\\/privacy-policy\\\/\"]}]},{\"@type\":\"BreadcrumbList\",\"@id\":\"https:\\\/\\\/beerensgroup.nl\\\/de\\\/privacy-policy\\\/#breadcrumb\",\"itemListElement\":[{\"@type\":\"ListItem\",\"position\":1,\"name\":\"Home\",\"item\":\"https:\\\/\\\/beerensgroup.nl\\\/de\\\/\"},{\"@type\":\"ListItem\",\"position\":2,\"name\":\"Privacy policy\"}]},{\"@type\":\"WebSite\",\"@id\":\"https:\\\/\\\/beerensgroup.nl\\\/de\\\/#website\",\"url\":\"https:\\\/\\\/beerensgroup.nl\\\/de\\\/\",\"name\":\"Beerens Group\",\"description\":\"Scalable Interior Concepts\",\"publisher\":{\"@id\":\"https:\\\/\\\/beerensgroup.nl\\\/de\\\/#organization\"},\"potentialAction\":[{\"@type\":\"SearchAction\",\"target\":{\"@type\":\"EntryPoint\",\"urlTemplate\":\"https:\\\/\\\/beerensgroup.nl\\\/de\\\/?s={search_term_string}\"},\"query-input\":{\"@type\":\"PropertyValueSpecification\",\"valueRequired\":true,\"valueName\":\"search_term_string\"}}],\"inLanguage\":\"de\"},{\"@type\":\"Organization\",\"@id\":\"https:\\\/\\\/beerensgroup.nl\\\/de\\\/#organization\",\"name\":\"Beerens Group\",\"url\":\"https:\\\/\\\/beerensgroup.nl\\\/de\\\/\",\"logo\":{\"@type\":\"ImageObject\",\"inLanguage\":\"de\",\"@id\":\"https:\\\/\\\/beerensgroup.nl\\\/de\\\/#\\\/schema\\\/logo\\\/image\\\/\",\"url\":\"https:\\\/\\\/beerensgroup.nl\\\/wp-content\\\/uploads\\\/2025\\\/07\\\/BEERNENS-GROUP-logo.png\",\"contentUrl\":\"https:\\\/\\\/beerensgroup.nl\\\/wp-content\\\/uploads\\\/2025\\\/07\\\/BEERNENS-GROUP-logo.png\",\"width\":900,\"height\":284,\"caption\":\"Beerens Group\"},\"image\":{\"@id\":\"https:\\\/\\\/beerensgroup.nl\\\/de\\\/#\\\/schema\\\/logo\\\/image\\\/\"},\"sameAs\":[\"https:\\\/\\\/www.facebook.com\\\/beerensgroup\",\"https:\\\/\\\/www.linkedin.com\\\/company\\\/beerensgroup1\\\/\",\"https:\\\/\\\/www.instagram.com\\\/beerens_group\\\/\"]}]}<\/script>\n<!-- \/ Yoast SEO plugin. -->","yoast_head_json":{"title":"Privacy policy - Beerens Group","robots":{"index":"index","follow":"follow","max-snippet":"max-snippet:-1","max-image-preview":"max-image-preview:large","max-video-preview":"max-video-preview:-1"},"canonical":"https:\/\/beerensgroup.nl\/de\/privacy-policy\/","og_locale":"de_DE","og_type":"article","og_title":"Privacy policy - Beerens Group","og_description":"Privacy Policy Beerens legt gro\u00dfen Wert auf den Schutz Ihrer personenbezogenen Daten. In dieser Datenschutzerkl\u00e4rung m\u00f6chten wir klare und transparente Informationen dar\u00fcber geben, wie wir mit personenbezogenen Daten umgehen. Wir tun alles, um Ihre Privatsph\u00e4re zu wahren und gehen daher sorgf\u00e4ltig mit personenbezogenen Daten um. Beerens h\u00e4lt sich in allen F\u00e4llen an die geltenden Gesetze [&hellip;]","og_url":"https:\/\/beerensgroup.nl\/de\/privacy-policy\/","og_site_name":"Beerens Group","article_publisher":"https:\/\/www.facebook.com\/beerensgroup","article_modified_time":"2025-12-08T14:41:41+00:00","twitter_card":"summary_large_image","twitter_misc":{"Gesch\u00e4tzte Lesezeit":"6\u00a0Minuten"},"schema":{"@context":"https:\/\/schema.org","@graph":[{"@type":"WebPage","@id":"https:\/\/beerensgroup.nl\/de\/privacy-policy\/","url":"https:\/\/beerensgroup.nl\/de\/privacy-policy\/","name":"Privacy policy - Beerens Group","isPartOf":{"@id":"https:\/\/beerensgroup.nl\/de\/#website"},"datePublished":"2025-07-20T14:01:54+00:00","dateModified":"2025-12-08T14:41:41+00:00","breadcrumb":{"@id":"https:\/\/beerensgroup.nl\/de\/privacy-policy\/#breadcrumb"},"inLanguage":"de","potentialAction":[{"@type":"ReadAction","target":["https:\/\/beerensgroup.nl\/de\/privacy-policy\/"]}]},{"@type":"BreadcrumbList","@id":"https:\/\/beerensgroup.nl\/de\/privacy-policy\/#breadcrumb","itemListElement":[{"@type":"ListItem","position":1,"name":"Home","item":"https:\/\/beerensgroup.nl\/de\/"},{"@type":"ListItem","position":2,"name":"Privacy policy"}]},{"@type":"WebSite","@id":"https:\/\/beerensgroup.nl\/de\/#website","url":"https:\/\/beerensgroup.nl\/de\/","name":"Beerens Group","description":"Scalable Interior Concepts","publisher":{"@id":"https:\/\/beerensgroup.nl\/de\/#organization"},"potentialAction":[{"@type":"SearchAction","target":{"@type":"EntryPoint","urlTemplate":"https:\/\/beerensgroup.nl\/de\/?s={search_term_string}"},"query-input":{"@type":"PropertyValueSpecification","valueRequired":true,"valueName":"search_term_string"}}],"inLanguage":"de"},{"@type":"Organization","@id":"https:\/\/beerensgroup.nl\/de\/#organization","name":"Beerens Group","url":"https:\/\/beerensgroup.nl\/de\/","logo":{"@type":"ImageObject","inLanguage":"de","@id":"https:\/\/beerensgroup.nl\/de\/#\/schema\/logo\/image\/","url":"https:\/\/beerensgroup.nl\/wp-content\/uploads\/2025\/07\/BEERNENS-GROUP-logo.png","contentUrl":"https:\/\/beerensgroup.nl\/wp-content\/uploads\/2025\/07\/BEERNENS-GROUP-logo.png","width":900,"height":284,"caption":"Beerens Group"},"image":{"@id":"https:\/\/beerensgroup.nl\/de\/#\/schema\/logo\/image\/"},"sameAs":["https:\/\/www.facebook.com\/beerensgroup","https:\/\/www.linkedin.com\/company\/beerensgroup1\/","https:\/\/www.instagram.com\/beerens_group\/"]}]}},"_links":{"self":[{"href":"https:\/\/beerensgroup.nl\/de\/wp-json\/wp\/v2\/pages\/7000","targetHints":{"allow":["GET"]}}],"collection":[{"href":"https:\/\/beerensgroup.nl\/de\/wp-json\/wp\/v2\/pages"}],"about":[{"href":"https:\/\/beerensgroup.nl\/de\/wp-json\/wp\/v2\/types\/page"}],"author":[{"embeddable":true,"href":"https:\/\/beerensgroup.nl\/de\/wp-json\/wp\/v2\/users\/4"}],"replies":[{"embeddable":true,"href":"https:\/\/beerensgroup.nl\/de\/wp-json\/wp\/v2\/comments?post=7000"}],"version-history":[{"count":3,"href":"https:\/\/beerensgroup.nl\/de\/wp-json\/wp\/v2\/pages\/7000\/revisions"}],"predecessor-version":[{"id":7030,"href":"https:\/\/beerensgroup.nl\/de\/wp-json\/wp\/v2\/pages\/7000\/revisions\/7030"}],"wp:attachment":[{"href":"https:\/\/beerensgroup.nl\/de\/wp-json\/wp\/v2\/media?parent=7000"}],"curies":[{"name":"wp","href":"https:\/\/api.w.org\/{rel}","templated":true}]}}